{"id":93974,"date":"2021-09-22T09:39:32","date_gmt":"2021-09-22T16:39:32","guid":{"rendered":"https:\/\/we-bc.ca\/contactez-nous\/"},"modified":"2026-03-22T22:12:18","modified_gmt":"2026-03-23T05:12:18","slug":"contactez-nous","status":"publish","type":"page","link":"https:\/\/resources.we-bc.ca\/fr\/contactez-nous\/","title":{"rendered":"Contactez nous"},"content":{"rendered":"\n<h1 class=\"wp-block-heading\">Prenez contact avec nous<\/h1>\n\n<p>WeBC est une organisation \u00e0 but non lucratif qui soutient, encourage et c\u00e9l\u00e8bre les femmes entrepreneurs en Colombie-Britannique depuis trois d\u00e9cennies.<\/p>\n\n<ul class=\"wp-block-list\">\n<li><img decoding=\"async\" class=\"wp-image-43463\" style=\"width: NaNpx;\" src=\"https:\/\/we-bc.ca\/wp-content\/uploads\/2021\/10\/phone.svg\" alt=\"\"\/ loading=\"lazy\">1.800.643.7014<\/li>\n\n\n\n<li><img decoding=\"async\" class=\"wp-image-43462\" style=\"width: NaNpx;\" src=\"https:\/\/we-bc.ca\/wp-content\/uploads\/2021\/10\/mail.svg\" alt=\"\"\/ loading=\"lazy\"><a href=\"mailto:hello@we-bc.ca\">hello@we-bc.ca<\/a><\/li>\n\n\n\n<li><img decoding=\"async\" class=\"wp-image-43464\" style=\"width: NaNpx;\" src=\"https:\/\/we-bc.ca\/wp-content\/uploads\/2021\/10\/time.svg\" alt=\"\"\/ loading=\"lazy\">Du lundi au vendredi : de 8h30 \u00e0 16h30 PT ; week-ends et jours f\u00e9ri\u00e9s : Ferm\u00e9<\/li>\n<\/ul>\n\n<p><strong>Fermeture prochaine pour les f\u00eates de fin d&rsquo;ann\u00e9e : <\/strong>Veuillez noter que nos bureaux seront ferm\u00e9s du 24 d\u00e9cembre \u00e0 midi (heure de Paris) au 1er janvier et que nous rouvrirons le 2 janvier.  <\/p>\n\n<h5 class=\"wp-block-heading\">RETROUVEZ-NOUS SUR<\/h5>\n","protected":false},"excerpt":{"rendered":"<p>Prenez contact avec nous WeBC est une organisation \u00e0 but non lucratif qui soutient, encourage et c\u00e9l\u00e8bre les femmes entrepreneurs en Colombie-Britannique depuis trois d\u00e9cennies. Fermeture prochaine pour les f\u00eates [&hellip;]<\/p>\n","protected":false},"author":1,"featured_media":64472,"parent":0,"menu_order":0,"comment_status":"closed","ping_status":"closed","template":"templates\/contact-us.php","meta":{"_acf_changed":false,"footnotes":""},"class_list":["post-93974","page","type-page","status-publish","has-post-thumbnail","hentry"],"acf":[],"yoast_head":"<!-- This site is optimized with the Yoast SEO plugin v27.4 - https:\/\/yoast.com\/product\/yoast-seo-wordpress\/ -->\n<title>Contactez nous - WeBC<\/title>\n<meta name=\"description\" content=\"WeBC est une organisation \u00e0 but non lucratif dont l&#039;objectif est d&#039;aider les femmes de la Colombie-Britannique \u00e0 cr\u00e9er, diriger et d\u00e9velopper leur propre entreprise.\" \/>\n<meta name=\"robots\" content=\"index, follow, max-snippet:-1, max-image-preview:large, max-video-preview:-1\" \/>\n<link rel=\"canonical\" href=\"https:\/\/we-bc.ca\/?page_id=93974&lang=fr\" \/>\n<meta property=\"og:locale\" content=\"fr_FR\" \/>\n<meta property=\"og:type\" content=\"article\" \/>\n<meta property=\"og:title\" content=\"Contactez nous - WeBC\" \/>\n<meta property=\"og:description\" content=\"WeBC est une organisation \u00e0 but non lucratif dont l&#039;objectif est d&#039;aider les femmes de la Colombie-Britannique \u00e0 cr\u00e9er, diriger et d\u00e9velopper leur propre entreprise.\" \/>\n<meta property=\"og:url\" content=\"https:\/\/we-bc.ca\/?page_id=93974&amp;lang=fr\" \/>\n<meta property=\"og:site_name\" content=\"WeBC\" \/>\n<meta property=\"article:modified_time\" content=\"2026-03-23T05:12:18+00:00\" \/>\n<meta property=\"og:image\" content=\"https:\/\/we-bc.ca\/wp-content\/uploads\/2021\/10\/Get-in-touch.png\" \/>\n\t<meta property=\"og:image:width\" content=\"1114\" \/>\n\t<meta property=\"og:image:height\" content=\"797\" \/>\n\t<meta property=\"og:image:type\" content=\"image\/png\" \/>\n<meta name=\"twitter:card\" content=\"summary_large_image\" \/>\n<script type=\"application\/ld+json\" class=\"yoast-schema-graph\">{\"@context\":\"https:\\\/\\\/schema.org\",\"@graph\":[{\"@type\":\"WebPage\",\"@id\":\"https:\\\/\\\/we-bc.ca\\\/?page_id=93974&lang=fr\",\"url\":\"https:\\\/\\\/we-bc.ca\\\/?page_id=93974&lang=fr\",\"name\":\"Contactez nous - WeBC\",\"isPartOf\":{\"@id\":\"https:\\\/\\\/we-bc.ca\\\/#website\"},\"primaryImageOfPage\":{\"@id\":\"https:\\\/\\\/we-bc.ca\\\/?page_id=93974&lang=fr#primaryimage\"},\"image\":{\"@id\":\"https:\\\/\\\/we-bc.ca\\\/?page_id=93974&lang=fr#primaryimage\"},\"thumbnailUrl\":\"https:\\\/\\\/resources.we-bc.ca\\\/wp-content\\\/uploads\\\/2021\\\/10\\\/Get-in-touch.png\",\"datePublished\":\"2021-09-22T16:39:32+00:00\",\"dateModified\":\"2026-03-23T05:12:18+00:00\",\"description\":\"WeBC est une organisation \u00e0 but non lucratif dont l'objectif est d'aider les femmes de la Colombie-Britannique \u00e0 cr\u00e9er, diriger et d\u00e9velopper leur propre entreprise.\",\"breadcrumb\":{\"@id\":\"https:\\\/\\\/we-bc.ca\\\/?page_id=93974&lang=fr#breadcrumb\"},\"inLanguage\":\"fr-FR\",\"potentialAction\":[{\"@type\":\"ReadAction\",\"target\":[\"https:\\\/\\\/we-bc.ca\\\/?page_id=93974&lang=fr\"]}]},{\"@type\":\"ImageObject\",\"inLanguage\":\"fr-FR\",\"@id\":\"https:\\\/\\\/we-bc.ca\\\/?page_id=93974&lang=fr#primaryimage\",\"url\":\"https:\\\/\\\/resources.we-bc.ca\\\/wp-content\\\/uploads\\\/2021\\\/10\\\/Get-in-touch.png\",\"contentUrl\":\"https:\\\/\\\/resources.we-bc.ca\\\/wp-content\\\/uploads\\\/2021\\\/10\\\/Get-in-touch.png\",\"width\":1114,\"height\":797},{\"@type\":\"BreadcrumbList\",\"@id\":\"https:\\\/\\\/we-bc.ca\\\/?page_id=93974&lang=fr#breadcrumb\",\"itemListElement\":[{\"@type\":\"ListItem\",\"position\":1,\"name\":\"Home\",\"item\":\"https:\\\/\\\/we-bc.ca\\\/\"},{\"@type\":\"ListItem\",\"position\":2,\"name\":\"Contactez nous\"}]},{\"@type\":\"WebSite\",\"@id\":\"https:\\\/\\\/we-bc.ca\\\/#website\",\"url\":\"https:\\\/\\\/we-bc.ca\\\/\",\"name\":\"WeBC\",\"description\":\"Supporting Women Entrepreneurs in BC\",\"potentialAction\":[{\"@type\":\"SearchAction\",\"target\":{\"@type\":\"EntryPoint\",\"urlTemplate\":\"https:\\\/\\\/we-bc.ca\\\/?s={search_term_string}\"},\"query-input\":{\"@type\":\"PropertyValueSpecification\",\"valueRequired\":true,\"valueName\":\"search_term_string\"}}],\"inLanguage\":\"fr-FR\"}]}<\/script>\n<!-- \/ Yoast SEO plugin. -->","yoast_head_json":{"title":"Contactez nous - WeBC","description":"WeBC est une organisation \u00e0 but non lucratif dont l'objectif est d'aider les femmes de la Colombie-Britannique \u00e0 cr\u00e9er, diriger et d\u00e9velopper leur propre entreprise.","robots":{"index":"index","follow":"follow","max-snippet":"max-snippet:-1","max-image-preview":"max-image-preview:large","max-video-preview":"max-video-preview:-1"},"canonical":"https:\/\/we-bc.ca\/?page_id=93974&lang=fr","og_locale":"fr_FR","og_type":"article","og_title":"Contactez nous - WeBC","og_description":"WeBC est une organisation \u00e0 but non lucratif dont l'objectif est d'aider les femmes de la Colombie-Britannique \u00e0 cr\u00e9er, diriger et d\u00e9velopper leur propre entreprise.","og_url":"https:\/\/we-bc.ca\/?page_id=93974&lang=fr","og_site_name":"WeBC","article_modified_time":"2026-03-23T05:12:18+00:00","og_image":[{"width":1114,"height":797,"url":"https:\/\/we-bc.ca\/wp-content\/uploads\/2021\/10\/Get-in-touch.png","type":"image\/png"}],"twitter_card":"summary_large_image","schema":{"@context":"https:\/\/schema.org","@graph":[{"@type":"WebPage","@id":"https:\/\/we-bc.ca\/?page_id=93974&lang=fr","url":"https:\/\/we-bc.ca\/?page_id=93974&lang=fr","name":"Contactez nous - WeBC","isPartOf":{"@id":"https:\/\/we-bc.ca\/#website"},"primaryImageOfPage":{"@id":"https:\/\/we-bc.ca\/?page_id=93974&lang=fr#primaryimage"},"image":{"@id":"https:\/\/we-bc.ca\/?page_id=93974&lang=fr#primaryimage"},"thumbnailUrl":"https:\/\/resources.we-bc.ca\/wp-content\/uploads\/2021\/10\/Get-in-touch.png","datePublished":"2021-09-22T16:39:32+00:00","dateModified":"2026-03-23T05:12:18+00:00","description":"WeBC est une organisation \u00e0 but non lucratif dont l'objectif est d'aider les femmes de la Colombie-Britannique \u00e0 cr\u00e9er, diriger et d\u00e9velopper leur propre entreprise.","breadcrumb":{"@id":"https:\/\/we-bc.ca\/?page_id=93974&lang=fr#breadcrumb"},"inLanguage":"fr-FR","potentialAction":[{"@type":"ReadAction","target":["https:\/\/we-bc.ca\/?page_id=93974&lang=fr"]}]},{"@type":"ImageObject","inLanguage":"fr-FR","@id":"https:\/\/we-bc.ca\/?page_id=93974&lang=fr#primaryimage","url":"https:\/\/resources.we-bc.ca\/wp-content\/uploads\/2021\/10\/Get-in-touch.png","contentUrl":"https:\/\/resources.we-bc.ca\/wp-content\/uploads\/2021\/10\/Get-in-touch.png","width":1114,"height":797},{"@type":"BreadcrumbList","@id":"https:\/\/we-bc.ca\/?page_id=93974&lang=fr#breadcrumb","itemListElement":[{"@type":"ListItem","position":1,"name":"Home","item":"https:\/\/we-bc.ca\/"},{"@type":"ListItem","position":2,"name":"Contactez nous"}]},{"@type":"WebSite","@id":"https:\/\/we-bc.ca\/#website","url":"https:\/\/we-bc.ca\/","name":"WeBC","description":"Supporting Women Entrepreneurs in BC","potentialAction":[{"@type":"SearchAction","target":{"@type":"EntryPoint","urlTemplate":"https:\/\/we-bc.ca\/?s={search_term_string}"},"query-input":{"@type":"PropertyValueSpecification","valueRequired":true,"valueName":"search_term_string"}}],"inLanguage":"fr-FR"}]}},"_links":{"self":[{"href":"https:\/\/resources.we-bc.ca\/fr\/wp-json\/wp\/v2\/pages\/93974","targetHints":{"allow":["GET"]}}],"collection":[{"href":"https:\/\/resources.we-bc.ca\/fr\/wp-json\/wp\/v2\/pages"}],"about":[{"href":"https:\/\/resources.we-bc.ca\/fr\/wp-json\/wp\/v2\/types\/page"}],"author":[{"embeddable":true,"href":"https:\/\/resources.we-bc.ca\/fr\/wp-json\/wp\/v2\/users\/1"}],"replies":[{"embeddable":true,"href":"https:\/\/resources.we-bc.ca\/fr\/wp-json\/wp\/v2\/comments?post=93974"}],"version-history":[{"count":0,"href":"https:\/\/resources.we-bc.ca\/fr\/wp-json\/wp\/v2\/pages\/93974\/revisions"}],"wp:featuredmedia":[{"embeddable":true,"href":"https:\/\/resources.we-bc.ca\/fr\/wp-json\/wp\/v2\/media\/64472"}],"wp:attachment":[{"href":"https:\/\/resources.we-bc.ca\/fr\/wp-json\/wp\/v2\/media?parent=93974"}],"curies":[{"name":"wp","href":"https:\/\/api.w.org\/{rel}","templated":true}]}}