{"id":93943,"date":"2021-09-22T09:38:14","date_gmt":"2021-09-22T16:38:14","guid":{"rendered":"https:\/\/we-bc.ca\/ressources\/"},"modified":"2026-03-22T20:45:50","modified_gmt":"2026-03-23T03:45:50","slug":"ressources","status":"publish","type":"page","link":"https:\/\/resources.we-bc.ca\/fr\/ressources\/","title":{"rendered":"Ressources"},"content":{"rendered":"\n<h3 class=\"wp-block-heading\">Ressources en vedette<\/h3>\n","protected":false},"excerpt":{"rendered":"<p>Ressources en vedette<\/p>\n","protected":false},"author":1,"featured_media":0,"parent":0,"menu_order":0,"comment_status":"closed","ping_status":"closed","template":"templates\/resources.php","meta":{"_acf_changed":false,"footnotes":""},"class_list":["post-93943","page","type-page","status-publish","hentry"],"acf":[],"yoast_head":"<!-- This site is optimized with the Yoast SEO plugin v27.4 - https:\/\/yoast.com\/product\/yoast-seo-wordpress\/ -->\n<title>Ressources pour les femmes entrepreneurs - WeBC<\/title>\n<meta name=\"description\" content=\"Trouvez des ressources commerciales pour les femmes entrepreneurs et les propri\u00e9taires d&#039;entreprise afin de r\u00e9pondre \u00e0 vos questions et de d\u00e9velopper vos comp\u00e9tences commerciales.\" \/>\n<meta name=\"robots\" content=\"index, follow, max-snippet:-1, max-image-preview:large, max-video-preview:-1\" \/>\n<link rel=\"canonical\" href=\"https:\/\/we-bc.ca\/?page_id=93943&lang=fr\" \/>\n<meta property=\"og:locale\" content=\"fr_FR\" \/>\n<meta property=\"og:type\" content=\"article\" \/>\n<meta property=\"og:title\" content=\"Ressources pour les femmes entrepreneurs - WeBC\" \/>\n<meta property=\"og:description\" content=\"Trouvez des ressources commerciales pour les femmes entrepreneurs et les propri\u00e9taires d&#039;entreprise afin de r\u00e9pondre \u00e0 vos questions et de d\u00e9velopper vos comp\u00e9tences commerciales.\" \/>\n<meta property=\"og:url\" content=\"https:\/\/we-bc.ca\/?page_id=93943&amp;lang=fr\" \/>\n<meta property=\"og:site_name\" content=\"WeBC\" \/>\n<meta property=\"article:modified_time\" content=\"2026-03-23T03:45:50+00:00\" \/>\n<meta name=\"twitter:card\" content=\"summary_large_image\" \/>\n<script type=\"application\/ld+json\" class=\"yoast-schema-graph\">{\"@context\":\"https:\\\/\\\/schema.org\",\"@graph\":[{\"@type\":\"WebPage\",\"@id\":\"https:\\\/\\\/we-bc.ca\\\/?page_id=93943&lang=fr\",\"url\":\"https:\\\/\\\/we-bc.ca\\\/?page_id=93943&lang=fr\",\"name\":\"Ressources pour les femmes entrepreneurs - WeBC\",\"isPartOf\":{\"@id\":\"https:\\\/\\\/we-bc.ca\\\/#website\"},\"datePublished\":\"2021-09-22T16:38:14+00:00\",\"dateModified\":\"2026-03-23T03:45:50+00:00\",\"description\":\"Trouvez des ressources commerciales pour les femmes entrepreneurs et les propri\u00e9taires d'entreprise afin de r\u00e9pondre \u00e0 vos questions et de d\u00e9velopper vos comp\u00e9tences commerciales.\",\"breadcrumb\":{\"@id\":\"https:\\\/\\\/we-bc.ca\\\/?page_id=93943&lang=fr#breadcrumb\"},\"inLanguage\":\"fr-FR\",\"potentialAction\":[{\"@type\":\"ReadAction\",\"target\":[\"https:\\\/\\\/we-bc.ca\\\/?page_id=93943&lang=fr\"]}]},{\"@type\":\"BreadcrumbList\",\"@id\":\"https:\\\/\\\/we-bc.ca\\\/?page_id=93943&lang=fr#breadcrumb\",\"itemListElement\":[{\"@type\":\"ListItem\",\"position\":1,\"name\":\"Home\",\"item\":\"https:\\\/\\\/we-bc.ca\\\/\"},{\"@type\":\"ListItem\",\"position\":2,\"name\":\"Ressources\"}]},{\"@type\":\"WebSite\",\"@id\":\"https:\\\/\\\/we-bc.ca\\\/#website\",\"url\":\"https:\\\/\\\/we-bc.ca\\\/\",\"name\":\"WeBC\",\"description\":\"Supporting Women Entrepreneurs in BC\",\"potentialAction\":[{\"@type\":\"SearchAction\",\"target\":{\"@type\":\"EntryPoint\",\"urlTemplate\":\"https:\\\/\\\/we-bc.ca\\\/?s={search_term_string}\"},\"query-input\":{\"@type\":\"PropertyValueSpecification\",\"valueRequired\":true,\"valueName\":\"search_term_string\"}}],\"inLanguage\":\"fr-FR\"}]}<\/script>\n<!-- \/ Yoast SEO plugin. -->","yoast_head_json":{"title":"Ressources pour les femmes entrepreneurs - WeBC","description":"Trouvez des ressources commerciales pour les femmes entrepreneurs et les propri\u00e9taires d'entreprise afin de r\u00e9pondre \u00e0 vos questions et de d\u00e9velopper vos comp\u00e9tences commerciales.","robots":{"index":"index","follow":"follow","max-snippet":"max-snippet:-1","max-image-preview":"max-image-preview:large","max-video-preview":"max-video-preview:-1"},"canonical":"https:\/\/we-bc.ca\/?page_id=93943&lang=fr","og_locale":"fr_FR","og_type":"article","og_title":"Ressources pour les femmes entrepreneurs - WeBC","og_description":"Trouvez des ressources commerciales pour les femmes entrepreneurs et les propri\u00e9taires d'entreprise afin de r\u00e9pondre \u00e0 vos questions et de d\u00e9velopper vos comp\u00e9tences commerciales.","og_url":"https:\/\/we-bc.ca\/?page_id=93943&lang=fr","og_site_name":"WeBC","article_modified_time":"2026-03-23T03:45:50+00:00","twitter_card":"summary_large_image","schema":{"@context":"https:\/\/schema.org","@graph":[{"@type":"WebPage","@id":"https:\/\/we-bc.ca\/?page_id=93943&lang=fr","url":"https:\/\/we-bc.ca\/?page_id=93943&lang=fr","name":"Ressources pour les femmes entrepreneurs - WeBC","isPartOf":{"@id":"https:\/\/we-bc.ca\/#website"},"datePublished":"2021-09-22T16:38:14+00:00","dateModified":"2026-03-23T03:45:50+00:00","description":"Trouvez des ressources commerciales pour les femmes entrepreneurs et les propri\u00e9taires d'entreprise afin de r\u00e9pondre \u00e0 vos questions et de d\u00e9velopper vos comp\u00e9tences commerciales.","breadcrumb":{"@id":"https:\/\/we-bc.ca\/?page_id=93943&lang=fr#breadcrumb"},"inLanguage":"fr-FR","potentialAction":[{"@type":"ReadAction","target":["https:\/\/we-bc.ca\/?page_id=93943&lang=fr"]}]},{"@type":"BreadcrumbList","@id":"https:\/\/we-bc.ca\/?page_id=93943&lang=fr#breadcrumb","itemListElement":[{"@type":"ListItem","position":1,"name":"Home","item":"https:\/\/we-bc.ca\/"},{"@type":"ListItem","position":2,"name":"Ressources"}]},{"@type":"WebSite","@id":"https:\/\/we-bc.ca\/#website","url":"https:\/\/we-bc.ca\/","name":"WeBC","description":"Supporting Women Entrepreneurs in BC","potentialAction":[{"@type":"SearchAction","target":{"@type":"EntryPoint","urlTemplate":"https:\/\/we-bc.ca\/?s={search_term_string}"},"query-input":{"@type":"PropertyValueSpecification","valueRequired":true,"valueName":"search_term_string"}}],"inLanguage":"fr-FR"}]}},"_links":{"self":[{"href":"https:\/\/resources.we-bc.ca\/fr\/wp-json\/wp\/v2\/pages\/93943","targetHints":{"allow":["GET"]}}],"collection":[{"href":"https:\/\/resources.we-bc.ca\/fr\/wp-json\/wp\/v2\/pages"}],"about":[{"href":"https:\/\/resources.we-bc.ca\/fr\/wp-json\/wp\/v2\/types\/page"}],"author":[{"embeddable":true,"href":"https:\/\/resources.we-bc.ca\/fr\/wp-json\/wp\/v2\/users\/1"}],"replies":[{"embeddable":true,"href":"https:\/\/resources.we-bc.ca\/fr\/wp-json\/wp\/v2\/comments?post=93943"}],"version-history":[{"count":0,"href":"https:\/\/resources.we-bc.ca\/fr\/wp-json\/wp\/v2\/pages\/93943\/revisions"}],"wp:attachment":[{"href":"https:\/\/resources.we-bc.ca\/fr\/wp-json\/wp\/v2\/media?parent=93943"}],"curies":[{"name":"wp","href":"https:\/\/api.w.org\/{rel}","templated":true}]}}