{"id":93939,"date":"2025-08-28T18:43:38","date_gmt":"2025-08-29T01:43:38","guid":{"rendered":"https:\/\/we-bc.ca\/programmes-et-services\/"},"modified":"2026-03-22T20:43:56","modified_gmt":"2026-03-23T03:43:56","slug":"programmes-et-services","status":"publish","type":"page","link":"https:\/\/resources.we-bc.ca\/fr\/programmes-et-services\/","title":{"rendered":"Programmes et services"},"content":{"rendered":"","protected":false},"excerpt":{"rendered":"","protected":false},"author":281,"featured_media":0,"parent":0,"menu_order":0,"comment_status":"closed","ping_status":"closed","template":"templates\/what-we-offer-inner.php","meta":{"_acf_changed":false,"footnotes":""},"class_list":["post-93939","page","type-page","status-publish","hentry"],"acf":[],"yoast_head":"<!-- This site is optimized with the Yoast SEO plugin v27.4 - https:\/\/yoast.com\/product\/yoast-seo-wordpress\/ -->\n<title>Programmes et services pour les femmes d&#039;affaires - WeBC<\/title>\n<meta name=\"description\" content=\"WeBC a fourni \u00e0 des milliers de femmes chefs d&#039;entreprise des pr\u00eats, de l&#039;expertise, du mentorat et des formations pour aider leurs entreprises \u00e0 se d\u00e9velopper et \u00e0 prosp\u00e9rer.\" \/>\n<meta name=\"robots\" content=\"index, follow, max-snippet:-1, max-image-preview:large, max-video-preview:-1\" \/>\n<link rel=\"canonical\" href=\"https:\/\/we-bc.ca\/?page_id=93939&lang=fr\" \/>\n<meta property=\"og:locale\" content=\"fr_FR\" \/>\n<meta property=\"og:type\" content=\"article\" \/>\n<meta property=\"og:title\" content=\"Programmes et services pour les femmes d&#039;affaires - WeBC\" \/>\n<meta property=\"og:description\" content=\"WeBC a fourni \u00e0 des milliers de femmes chefs d&#039;entreprise des pr\u00eats, de l&#039;expertise, du mentorat et des formations pour aider leurs entreprises \u00e0 se d\u00e9velopper et \u00e0 prosp\u00e9rer.\" \/>\n<meta property=\"og:url\" content=\"https:\/\/we-bc.ca\/?page_id=93939&amp;lang=fr\" \/>\n<meta property=\"og:site_name\" content=\"WeBC\" \/>\n<meta property=\"article:modified_time\" content=\"2026-03-23T03:43:56+00:00\" \/>\n<meta name=\"twitter:card\" content=\"summary_large_image\" \/>\n<script type=\"application\/ld+json\" class=\"yoast-schema-graph\">{\"@context\":\"https:\\\/\\\/schema.org\",\"@graph\":[{\"@type\":\"WebPage\",\"@id\":\"https:\\\/\\\/we-bc.ca\\\/?page_id=93939&lang=fr\",\"url\":\"https:\\\/\\\/we-bc.ca\\\/?page_id=93939&lang=fr\",\"name\":\"Programmes et services pour les femmes d'affaires - WeBC\",\"isPartOf\":{\"@id\":\"https:\\\/\\\/we-bc.ca\\\/#website\"},\"datePublished\":\"2025-08-29T01:43:38+00:00\",\"dateModified\":\"2026-03-23T03:43:56+00:00\",\"description\":\"WeBC a fourni \u00e0 des milliers de femmes chefs d'entreprise des pr\u00eats, de l'expertise, du mentorat et des formations pour aider leurs entreprises \u00e0 se d\u00e9velopper et \u00e0 prosp\u00e9rer.\",\"breadcrumb\":{\"@id\":\"https:\\\/\\\/we-bc.ca\\\/?page_id=93939&lang=fr#breadcrumb\"},\"inLanguage\":\"fr-FR\",\"potentialAction\":[{\"@type\":\"ReadAction\",\"target\":[\"https:\\\/\\\/we-bc.ca\\\/?page_id=93939&lang=fr\"]}]},{\"@type\":\"BreadcrumbList\",\"@id\":\"https:\\\/\\\/we-bc.ca\\\/?page_id=93939&lang=fr#breadcrumb\",\"itemListElement\":[{\"@type\":\"ListItem\",\"position\":1,\"name\":\"Home\",\"item\":\"https:\\\/\\\/we-bc.ca\\\/\"},{\"@type\":\"ListItem\",\"position\":2,\"name\":\"Programmes et services\"}]},{\"@type\":\"WebSite\",\"@id\":\"https:\\\/\\\/we-bc.ca\\\/#website\",\"url\":\"https:\\\/\\\/we-bc.ca\\\/\",\"name\":\"WeBC\",\"description\":\"Supporting Women Entrepreneurs in BC\",\"potentialAction\":[{\"@type\":\"SearchAction\",\"target\":{\"@type\":\"EntryPoint\",\"urlTemplate\":\"https:\\\/\\\/we-bc.ca\\\/?s={search_term_string}\"},\"query-input\":{\"@type\":\"PropertyValueSpecification\",\"valueRequired\":true,\"valueName\":\"search_term_string\"}}],\"inLanguage\":\"fr-FR\"}]}<\/script>\n<!-- \/ Yoast SEO plugin. -->","yoast_head_json":{"title":"Programmes et services pour les femmes d'affaires - WeBC","description":"WeBC a fourni \u00e0 des milliers de femmes chefs d'entreprise des pr\u00eats, de l'expertise, du mentorat et des formations pour aider leurs entreprises \u00e0 se d\u00e9velopper et \u00e0 prosp\u00e9rer.","robots":{"index":"index","follow":"follow","max-snippet":"max-snippet:-1","max-image-preview":"max-image-preview:large","max-video-preview":"max-video-preview:-1"},"canonical":"https:\/\/we-bc.ca\/?page_id=93939&lang=fr","og_locale":"fr_FR","og_type":"article","og_title":"Programmes et services pour les femmes d'affaires - WeBC","og_description":"WeBC a fourni \u00e0 des milliers de femmes chefs d'entreprise des pr\u00eats, de l'expertise, du mentorat et des formations pour aider leurs entreprises \u00e0 se d\u00e9velopper et \u00e0 prosp\u00e9rer.","og_url":"https:\/\/we-bc.ca\/?page_id=93939&lang=fr","og_site_name":"WeBC","article_modified_time":"2026-03-23T03:43:56+00:00","twitter_card":"summary_large_image","schema":{"@context":"https:\/\/schema.org","@graph":[{"@type":"WebPage","@id":"https:\/\/we-bc.ca\/?page_id=93939&lang=fr","url":"https:\/\/we-bc.ca\/?page_id=93939&lang=fr","name":"Programmes et services pour les femmes d'affaires - WeBC","isPartOf":{"@id":"https:\/\/we-bc.ca\/#website"},"datePublished":"2025-08-29T01:43:38+00:00","dateModified":"2026-03-23T03:43:56+00:00","description":"WeBC a fourni \u00e0 des milliers de femmes chefs d'entreprise des pr\u00eats, de l'expertise, du mentorat et des formations pour aider leurs entreprises \u00e0 se d\u00e9velopper et \u00e0 prosp\u00e9rer.","breadcrumb":{"@id":"https:\/\/we-bc.ca\/?page_id=93939&lang=fr#breadcrumb"},"inLanguage":"fr-FR","potentialAction":[{"@type":"ReadAction","target":["https:\/\/we-bc.ca\/?page_id=93939&lang=fr"]}]},{"@type":"BreadcrumbList","@id":"https:\/\/we-bc.ca\/?page_id=93939&lang=fr#breadcrumb","itemListElement":[{"@type":"ListItem","position":1,"name":"Home","item":"https:\/\/we-bc.ca\/"},{"@type":"ListItem","position":2,"name":"Programmes et services"}]},{"@type":"WebSite","@id":"https:\/\/we-bc.ca\/#website","url":"https:\/\/we-bc.ca\/","name":"WeBC","description":"Supporting Women Entrepreneurs in BC","potentialAction":[{"@type":"SearchAction","target":{"@type":"EntryPoint","urlTemplate":"https:\/\/we-bc.ca\/?s={search_term_string}"},"query-input":{"@type":"PropertyValueSpecification","valueRequired":true,"valueName":"search_term_string"}}],"inLanguage":"fr-FR"}]}},"_links":{"self":[{"href":"https:\/\/resources.we-bc.ca\/fr\/wp-json\/wp\/v2\/pages\/93939","targetHints":{"allow":["GET"]}}],"collection":[{"href":"https:\/\/resources.we-bc.ca\/fr\/wp-json\/wp\/v2\/pages"}],"about":[{"href":"https:\/\/resources.we-bc.ca\/fr\/wp-json\/wp\/v2\/types\/page"}],"author":[{"embeddable":true,"href":"https:\/\/resources.we-bc.ca\/fr\/wp-json\/wp\/v2\/users\/281"}],"replies":[{"embeddable":true,"href":"https:\/\/resources.we-bc.ca\/fr\/wp-json\/wp\/v2\/comments?post=93939"}],"version-history":[{"count":0,"href":"https:\/\/resources.we-bc.ca\/fr\/wp-json\/wp\/v2\/pages\/93939\/revisions"}],"wp:attachment":[{"href":"https:\/\/resources.we-bc.ca\/fr\/wp-json\/wp\/v2\/media?parent=93939"}],"curies":[{"name":"wp","href":"https:\/\/api.w.org\/{rel}","templated":true}]}}